{"id":3493,"date":"2023-12-07T01:44:17","date_gmt":"2023-12-07T06:44:17","guid":{"rendered":"https:\/\/jiahkimlaw.com\/blog\/"},"modified":"2023-12-12T03:27:23","modified_gmt":"2023-12-12T08:27:23","slug":"blog","status":"publish","type":"page","link":"https:\/\/jiahkimlaw.com\/es\/blog\/","title":{"rendered":"Blog"},"content":{"rendered":"<p>[et_pb_section fb_built=\u00bb1&#8243; custom_padding_last_edited=\u00bbon|tablet\u00bb admin_label=\u00bbsection\u00bb module_id=\u00bbblogs\u00bb _builder_version=\u00bb4.17.1&#8243; custom_padding=\u00bb50px|20px|50px|20px|false|false\u00bb custom_padding_tablet=\u00bb30px||30px||false|false\u00bb custom_padding_phone=\u00bb30px||30px||false|false\u00bb global_colors_info=\u00bb{}\u00bb][et_pb_row admin_label=\u00bbrow\u00bb _builder_version=\u00bb4.17.1&#8243; background_size=\u00bbinitial\u00bb background_position=\u00bbtop_left\u00bb background_repeat=\u00bbrepeat\u00bb width_tablet=\u00bb100%\u00bb width_phone=\u00bb100%\u00bb width_last_edited=\u00bbon|tablet\u00bb max_width=\u00bb1200px\u00bb custom_padding=\u00bb0px||0px||false|false\u00bb global_colors_info=\u00bb{}\u00bb][et_pb_column type=\u00bb4_4&#8243; _builder_version=\u00bb4.16&#8243; custom_padding=\u00bb|||\u00bb global_colors_info=\u00bb{}\u00bb custom_padding__hover=\u00bb|||\u00bb][et_pb_text _builder_version=\u00bb4.17.1&#8243; _module_preset=\u00bbdefault\u00bb header_font=\u00bbQuatro Slab||||||||\u00bb header_text_align=\u00bbcenter\u00bb header_text_color=\u00bb#000000&#8243; header_font_size=\u00bb40px\u00bb custom_margin=\u00bb||50px||false|false\u00bb global_colors_info=\u00bb{}\u00bb]<\/p>\n<h1>Blogs<\/h1>\n<p>[\/et_pb_text][et_pb_blog fullwidth=\u00bboff\u00bb posts_number=\u00bb6&#8243; show_more=\u00bbon\u00bb show_author=\u00bboff\u00bb show_date=\u00bboff\u00bb show_categories=\u00bboff\u00bb admin_label=\u00bbBlog\u00bb _builder_version=\u00bb4.17.1&#8243; header_font=\u00bbQuatro Slab||||||||\u00bb header_font_size=\u00bb22px\u00bb header_line_height=\u00bb1.5em\u00bb body_font=\u00bbProxima Nova||||||||\u00bb body_font_size=\u00bb18px\u00bb body_line_height=\u00bb1.5em\u00bb read_more_font=\u00bbProxima Nova|500||on|||||\u00bb read_more_text_color=\u00bb#000000&#8243; pagination_font=\u00bbProxima Nova||||||||\u00bb background_enable_color=\u00bboff\u00bb border_radii=\u00bbon|5px|5px|5px|5px\u00bb border_width_all=\u00bb0px\u00bb border_radii_image=\u00bboff|5px|5px||\u00bb use_border_color=\u00bboff\u00bb border_color=\u00bb#ffffff\u00bb border_style=\u00bbsolid\u00bb use_dropshadow=\u00bboff\u00bb global_colors_info=\u00bb{}\u00bb border_color_all__hover_enabled=\u00bboff|hover\u00bb border_color_all__hover=\u00bb#dd4031&#8243;][\/et_pb_blog][\/et_pb_column][\/et_pb_row][\/et_pb_section]<\/p>\n","protected":false},"excerpt":{"rendered":"<p>Blogs<\/p>\n","protected":false},"author":2,"featured_media":0,"parent":0,"menu_order":25,"comment_status":"closed","ping_status":"closed","template":"","meta":{"_et_pb_use_builder":"on","_et_pb_old_content":"","_et_gb_content_width":"","footnotes":""},"class_list":["post-3493","page","type-page","status-publish","hentry"],"yoast_head":"<!-- This site is optimized with the Yoast SEO plugin v25.3 - https:\/\/yoast.com\/wordpress\/plugins\/seo\/ -->\n<title>Blog - Jiah Kim &amp; Associates<\/title>\n<meta name=\"description\" content=\"Publicaci\u00f3n de blog de Jiah Kim Law and Associates. Obtenga informaci\u00f3n sobre planificaci\u00f3n patrimonial, protecci\u00f3n infantil, emprendimiento y m\u00e1s...\" \/>\n<meta name=\"robots\" content=\"index, follow, max-snippet:-1, max-image-preview:large, max-video-preview:-1\" \/>\n<link rel=\"canonical\" href=\"https:\/\/jiahkimlaw.com\/es\/blog\/\" \/>\n<meta property=\"og:locale\" content=\"es_ES\" \/>\n<meta property=\"og:type\" content=\"article\" \/>\n<meta property=\"og:title\" content=\"Blog - Jiah Kim &amp; Associates\" \/>\n<meta property=\"og:description\" content=\"Publicaci\u00f3n de blog de Jiah Kim Law and Associates. Obtenga informaci\u00f3n sobre planificaci\u00f3n patrimonial, protecci\u00f3n infantil, emprendimiento y m\u00e1s...\" \/>\n<meta property=\"og:url\" content=\"https:\/\/jiahkimlaw.com\/es\/blog\/\" \/>\n<meta property=\"og:site_name\" content=\"Jiah Kim &amp; Associates\" \/>\n<meta property=\"article:modified_time\" content=\"2023-12-12T08:27:23+00:00\" \/>\n<meta name=\"twitter:card\" content=\"summary_large_image\" \/>\n<meta name=\"twitter:label1\" content=\"Tiempo de lectura\" \/>\n\t<meta name=\"twitter:data1\" content=\"1 minuto\" \/>\n<script type=\"application\/ld+json\" class=\"yoast-schema-graph\">{\"@context\":\"https:\/\/schema.org\",\"@graph\":[{\"@type\":\"WebPage\",\"@id\":\"https:\/\/jiahkimlaw.com\/es\/blog\/\",\"url\":\"https:\/\/jiahkimlaw.com\/es\/blog\/\",\"name\":\"Blog - Jiah Kim &amp; Associates\",\"isPartOf\":{\"@id\":\"https:\/\/jiahkimlaw.com\/#website\"},\"datePublished\":\"2023-12-07T06:44:17+00:00\",\"dateModified\":\"2023-12-12T08:27:23+00:00\",\"description\":\"Publicaci\u00f3n de blog de Jiah Kim Law and Associates. Obtenga informaci\u00f3n sobre planificaci\u00f3n patrimonial, protecci\u00f3n infantil, emprendimiento y m\u00e1s...\",\"breadcrumb\":{\"@id\":\"https:\/\/jiahkimlaw.com\/es\/blog\/#breadcrumb\"},\"inLanguage\":\"es\",\"potentialAction\":[{\"@type\":\"ReadAction\",\"target\":[\"https:\/\/jiahkimlaw.com\/es\/blog\/\"]}]},{\"@type\":\"BreadcrumbList\",\"@id\":\"https:\/\/jiahkimlaw.com\/es\/blog\/#breadcrumb\",\"itemListElement\":[{\"@type\":\"ListItem\",\"position\":1,\"name\":\"Home\",\"item\":\"https:\/\/jiahkimlaw.com\/\"},{\"@type\":\"ListItem\",\"position\":2,\"name\":\"Blog\"}]},{\"@type\":\"WebSite\",\"@id\":\"https:\/\/jiahkimlaw.com\/#website\",\"url\":\"https:\/\/jiahkimlaw.com\/\",\"name\":\"Jiah Kim &amp; Associates\",\"description\":\"Estate planning for global entrepreneurs\",\"potentialAction\":[{\"@type\":\"SearchAction\",\"target\":{\"@type\":\"EntryPoint\",\"urlTemplate\":\"https:\/\/jiahkimlaw.com\/?s={search_term_string}\"},\"query-input\":{\"@type\":\"PropertyValueSpecification\",\"valueRequired\":true,\"valueName\":\"search_term_string\"}}],\"inLanguage\":\"es\"}]}<\/script>\n<!-- \/ Yoast SEO plugin. -->","yoast_head_json":{"title":"Blog - Jiah Kim &amp; Associates","description":"Publicaci\u00f3n de blog de Jiah Kim Law and Associates. Obtenga informaci\u00f3n sobre planificaci\u00f3n patrimonial, protecci\u00f3n infantil, emprendimiento y m\u00e1s...","robots":{"index":"index","follow":"follow","max-snippet":"max-snippet:-1","max-image-preview":"max-image-preview:large","max-video-preview":"max-video-preview:-1"},"canonical":"https:\/\/jiahkimlaw.com\/es\/blog\/","og_locale":"es_ES","og_type":"article","og_title":"Blog - Jiah Kim &amp; Associates","og_description":"Publicaci\u00f3n de blog de Jiah Kim Law and Associates. Obtenga informaci\u00f3n sobre planificaci\u00f3n patrimonial, protecci\u00f3n infantil, emprendimiento y m\u00e1s...","og_url":"https:\/\/jiahkimlaw.com\/es\/blog\/","og_site_name":"Jiah Kim &amp; Associates","article_modified_time":"2023-12-12T08:27:23+00:00","twitter_card":"summary_large_image","twitter_misc":{"Tiempo de lectura":"1 minuto"},"schema":{"@context":"https:\/\/schema.org","@graph":[{"@type":"WebPage","@id":"https:\/\/jiahkimlaw.com\/es\/blog\/","url":"https:\/\/jiahkimlaw.com\/es\/blog\/","name":"Blog - Jiah Kim &amp; Associates","isPartOf":{"@id":"https:\/\/jiahkimlaw.com\/#website"},"datePublished":"2023-12-07T06:44:17+00:00","dateModified":"2023-12-12T08:27:23+00:00","description":"Publicaci\u00f3n de blog de Jiah Kim Law and Associates. Obtenga informaci\u00f3n sobre planificaci\u00f3n patrimonial, protecci\u00f3n infantil, emprendimiento y m\u00e1s...","breadcrumb":{"@id":"https:\/\/jiahkimlaw.com\/es\/blog\/#breadcrumb"},"inLanguage":"es","potentialAction":[{"@type":"ReadAction","target":["https:\/\/jiahkimlaw.com\/es\/blog\/"]}]},{"@type":"BreadcrumbList","@id":"https:\/\/jiahkimlaw.com\/es\/blog\/#breadcrumb","itemListElement":[{"@type":"ListItem","position":1,"name":"Home","item":"https:\/\/jiahkimlaw.com\/"},{"@type":"ListItem","position":2,"name":"Blog"}]},{"@type":"WebSite","@id":"https:\/\/jiahkimlaw.com\/#website","url":"https:\/\/jiahkimlaw.com\/","name":"Jiah Kim &amp; Associates","description":"Estate planning for global entrepreneurs","potentialAction":[{"@type":"SearchAction","target":{"@type":"EntryPoint","urlTemplate":"https:\/\/jiahkimlaw.com\/?s={search_term_string}"},"query-input":{"@type":"PropertyValueSpecification","valueRequired":true,"valueName":"search_term_string"}}],"inLanguage":"es"}]}},"_links":{"self":[{"href":"https:\/\/jiahkimlaw.com\/es\/wp-json\/wp\/v2\/pages\/3493","targetHints":{"allow":["GET"]}}],"collection":[{"href":"https:\/\/jiahkimlaw.com\/es\/wp-json\/wp\/v2\/pages"}],"about":[{"href":"https:\/\/jiahkimlaw.com\/es\/wp-json\/wp\/v2\/types\/page"}],"author":[{"embeddable":true,"href":"https:\/\/jiahkimlaw.com\/es\/wp-json\/wp\/v2\/users\/2"}],"replies":[{"embeddable":true,"href":"https:\/\/jiahkimlaw.com\/es\/wp-json\/wp\/v2\/comments?post=3493"}],"version-history":[{"count":0,"href":"https:\/\/jiahkimlaw.com\/es\/wp-json\/wp\/v2\/pages\/3493\/revisions"}],"wp:attachment":[{"href":"https:\/\/jiahkimlaw.com\/es\/wp-json\/wp\/v2\/media?parent=3493"}],"curies":[{"name":"wp","href":"https:\/\/api.w.org\/{rel}","templated":true}]}}